{"id":4020,"date":"2020-02-17T20:14:02","date_gmt":"2020-02-17T19:14:02","guid":{"rendered":"https:\/\/u-lift.se.hemsida.eu\/garantieansprueche\/"},"modified":"2022-06-08T06:55:54","modified_gmt":"2022-06-08T04:55:54","slug":"garantieansprueche","status":"publish","type":"page","link":"https:\/\/www.u-lift.se\/de\/garantieansprueche\/","title":{"rendered":"Garantieanspr\u00fcche"},"content":{"rendered":"<p>[et_pb_section fb_built=&#8220;1&#8243; _builder_version=&#8220;4.15&#8243; background_color=&#8220;#f3f3f3&#8243; custom_padding=&#8220;0|0px|0|0px|false|false&#8220; global_colors_info=&#8220;{}&#8220;][et_pb_row _builder_version=&#8220;4.15&#8243; global_colors_info=&#8220;{}&#8220;][et_pb_column type=&#8220;4_4&#8243; _builder_version=&#8220;4.15&#8243; custom_padding=&#8220;|||&#8220; global_colors_info=&#8220;{}&#8220; custom_padding__hover=&#8220;|||&#8220;][et_pb_code _builder_version=&#8220;4.15&#8243; global_colors_info=&#8220;{}&#8220;]<span><span><a href=\"https:\/\/www.u-lift.se\/de\/\">Home<\/a><\/span>[\/et_pb_code][\/et_pb_column][\/et_pb_row][\/et_pb_section][et_pb_section fb_built=&#8220;1&#8243; _builder_version=&#8220;4.15&#8243; global_colors_info=&#8220;{}&#8220;][et_pb_row _builder_version=&#8220;4.15&#8243; global_colors_info=&#8220;{}&#8220;][et_pb_column type=&#8220;4_4&#8243; _builder_version=&#8220;4.15&#8243; custom_padding=&#8220;|||&#8220; global_colors_info=&#8220;{}&#8220; custom_padding__hover=&#8220;|||&#8220;][et_pb_post_title meta=&#8220;off&#8220; featured_image=&#8220;off&#8220; _builder_version=&#8220;4.15&#8243; global_colors_info=&#8220;{}&#8220;][\/et_pb_post_title][et_pb_text _builder_version=&#8220;4.15&#8243; global_colors_info=&#8220;{}&#8220;]Wir sind stets bestrebt, unsere Produkte auf einem hohen Qualit\u00e4tsniveau zu halten und garantieren Ihnen als Verbraucher eine unbeschwerte Erfahrung mit unseren Produkten. Dies erreichen wir, indem wir bei der Entwicklung und Beschaffung von Komponenten und technischen L\u00f6sungen, die in unsere Produkte einflie\u00dfen werden, hohe Anforderungen an uns und unsere Partner stellen. Daher k\u00f6nnen wir auch Garantiebedingungen anbieten, die unserer Erfahrung nach einzigartig in der Branche sind.<br \/>\nSie k\u00f6nnen sich jederzeit gerne an uns wenden, wenn Sie Fragen zu unseren Garantiebedingungen haben oder wenn Sie ein Produkt haben, das Ihrer Meinung nach Qualit\u00e4tsm\u00e4ngel aufweist.[\/et_pb_text][\/et_pb_column][\/et_pb_row][et_pb_row _builder_version=&#8220;4.15&#8243; global_colors_info=&#8220;{}&#8220;][et_pb_column type=&#8220;4_4&#8243; _builder_version=&#8220;4.15&#8243; custom_padding=&#8220;|||&#8220; global_colors_info=&#8220;{}&#8220; custom_padding__hover=&#8220;|||&#8220;][et_pb_text _builder_version=&#8220;4.15.1&#8243; link_font=&#8220;||||||||&#8220; hover_enabled=&#8220;0&#8243; global_colors_info=&#8220;{}&#8220; sticky_enabled=&#8220;0&#8243;]<\/p>\n<ul>\n<li><a href=\"\/de\/unsere-garantiebedingungen\/\">Unsere Garantiebedingungen<\/a><\/li>\n<li><a href=\"mailto:order@u-lift.se\">Anmelden eines Garantieanspruchs<\/a><\/li>\n<\/ul>\n<p>[\/et_pb_text][\/et_pb_column][\/et_pb_row][\/et_pb_section][et_pb_section fb_built=&#8220;1&#8243; _builder_version=&#8220;4.15&#8243; background_color=&#8220;#f3f3f3&#8243; saved_tabs=&#8220;all&#8220; locked=&#8220;off&#8220; global_colors_info=&#8220;{}&#8220;][et_pb_row column_structure=&#8220;3_4,1_4&#8243; make_equal=&#8220;on&#8220; _builder_version=&#8220;4.15&#8243; global_colors_info=&#8220;{}&#8220;][et_pb_column type=&#8220;3_4&#8243; module_class=&#8220;centrerad-till-vanster&#8220; _builder_version=&#8220;4.15&#8243; background_color=&#8220;#ffffff&#8220; custom_padding=&#8220;|||&#8220; global_colors_info=&#8220;{}&#8220; custom_padding__hover=&#8220;|||&#8220;][et_pb_text _builder_version=&#8220;4.15&#8243; global_colors_info=&#8220;{}&#8220;]<strong>Wir helfen Ihnen, schnell wieder in den Verkehr zu kommen durch<\/strong><\/p>\n<ul>\n<li>pers\u00f6nliche, sachkundige und schnelle Bearbeitung<\/li>\n<li>schnelle Lieferungen<\/li>\n<li>hochwertige Originalprodukte<\/li>\n<\/ul>\n<p>[\/et_pb_text][et_pb_button button_url=&#8220;tel:+46457450613&#8243; button_text=&#8220;Wenden Sie sich gerne telefonisch an Krister&#8220; _builder_version=&#8220;3.26.6&#8243; background_layout=&#8220;dark&#8220; global_colors_info=&#8220;{}&#8220;][\/et_pb_button][\/et_pb_column][et_pb_column type=&#8220;1_4&#8243; _builder_version=&#8220;4.15&#8243; custom_padding=&#8220;|||&#8220; global_colors_info=&#8220;{}&#8220; custom_padding__hover=&#8220;|||&#8220;][et_pb_team_member name=&#8220;Krister S\u00f6derlund&#8220; image_url=&#8220;https:\/\/www.u-lift.se\/wp-content\/uploads\/2022\/02\/kristersoderlund.jpg&#8220; _builder_version=&#8220;4.15.1&#8243; global_colors_info=&#8220;{}&#8220;]<\/p>\n<p>+46 (0)457-450 613<br \/>+46 (0)457-450 600 Vx.<br \/><a href=\"mailto:krister.soderlund@u-lift.se\">krister.soderlund@u-lift.se<\/a><\/p>\n<p>[\/et_pb_team_member][\/et_pb_column][\/et_pb_row][\/et_pb_section]<\/p>\n","protected":false},"excerpt":{"rendered":"<p><span><span><a href=\"https:\/\/www.u-lift.se\/de\/\">Home<\/a><\/span>Wir sind stets bestrebt, unsere Produkte auf einem hohen Qualit\u00e4tsniveau zu halten und garantieren Ihnen als Verbraucher eine unbeschwerte Erfahrung mit unseren Produkten. Dies erreichen wir, indem wir bei der Entwicklung und Beschaffung von Komponenten und technischen L\u00f6sungen, die in unsere Produkte einflie\u00dfen werden, hohe Anforderungen an uns und unsere Partner stellen. Daher k\u00f6nnen wir [&hellip;]<\/p>\n","protected":false},"author":5,"featured_media":0,"parent":0,"menu_order":0,"comment_status":"closed","ping_status":"closed","template":"","meta":{"_et_pb_use_builder":"on","_et_pb_old_content":"","_et_gb_content_width":""},"yoast_head":"<!-- This site is optimized with the Yoast SEO plugin v18.4.1 - https:\/\/yoast.com\/wordpress\/plugins\/seo\/ -->\n<title>Garantieanspr\u00fcche - U-Lift<\/title>\n<meta name=\"robots\" content=\"index, follow, max-snippet:-1, max-image-preview:large, max-video-preview:-1\" \/>\n<link rel=\"canonical\" href=\"https:\/\/www.u-lift.se\/de\/garantieansprueche\/\" \/>\n<meta property=\"og:locale\" content=\"de_DE\" \/>\n<meta property=\"og:type\" content=\"article\" \/>\n<meta property=\"og:title\" content=\"Garantieanspr\u00fcche - U-Lift\" \/>\n<meta property=\"og:description\" content=\"Wir sind stets bestrebt, unsere Produkte auf einem hohen Qualit\u00e4tsniveau zu halten und garantieren Ihnen als Verbraucher eine unbeschwerte Erfahrung mit unseren Produkten. Dies erreichen wir, indem wir bei der Entwicklung und Beschaffung von Komponenten und technischen L\u00f6sungen, die in unsere Produkte einflie\u00dfen werden, hohe Anforderungen an uns und unsere Partner stellen. Daher k\u00f6nnen wir [&hellip;]\" \/>\n<meta property=\"og:url\" content=\"https:\/\/www.u-lift.se\/de\/garantieansprueche\/\" \/>\n<meta property=\"og:site_name\" content=\"U-Lift\" \/>\n<meta property=\"article:modified_time\" content=\"2022-06-08T04:55:54+00:00\" \/>\n<meta name=\"twitter:card\" content=\"summary_large_image\" \/>\n<meta name=\"twitter:label1\" content=\"Gesch\u00e4tzte Lesezeit\" \/>\n\t<meta name=\"twitter:data1\" content=\"2\u00a0Minuten\" \/>\n<script type=\"application\/ld+json\" class=\"yoast-schema-graph\">{\"@context\":\"https:\/\/schema.org\",\"@graph\":[{\"@type\":\"Organization\",\"@id\":\"https:\/\/www.u-lift.se\/#organization\",\"name\":\"U-Lift\",\"url\":\"https:\/\/www.u-lift.se\/\",\"sameAs\":[],\"logo\":{\"@type\":\"ImageObject\",\"@id\":\"https:\/\/www.u-lift.se\/#logo\",\"inLanguage\":\"de\",\"url\":\"https:\/\/u-lift.se.hemsida.eu\/wp-content\/uploads\/2019\/02\/u-lift-logo.png\",\"contentUrl\":\"https:\/\/u-lift.se.hemsida.eu\/wp-content\/uploads\/2019\/02\/u-lift-logo.png\",\"width\":500,\"height\":124,\"caption\":\"U-Lift\"},\"image\":{\"@id\":\"https:\/\/www.u-lift.se\/#logo\"}},{\"@type\":\"WebSite\",\"@id\":\"https:\/\/www.u-lift.se\/#website\",\"url\":\"https:\/\/www.u-lift.se\/\",\"name\":\"U-Lift\",\"description\":\"Sichere Lifte & Rampen f\u00fcr Nutzfahrzeuge\",\"publisher\":{\"@id\":\"https:\/\/www.u-lift.se\/#organization\"},\"potentialAction\":[{\"@type\":\"SearchAction\",\"target\":{\"@type\":\"EntryPoint\",\"urlTemplate\":\"https:\/\/www.u-lift.se\/?s={search_term_string}\"},\"query-input\":\"required name=search_term_string\"}],\"inLanguage\":\"de\"},{\"@type\":\"WebPage\",\"@id\":\"https:\/\/www.u-lift.se\/de\/garantieansprueche\/#webpage\",\"url\":\"https:\/\/www.u-lift.se\/de\/garantieansprueche\/\",\"name\":\"Garantieanspr\u00fcche - U-Lift\",\"isPartOf\":{\"@id\":\"https:\/\/www.u-lift.se\/#website\"},\"datePublished\":\"2020-02-17T19:14:02+00:00\",\"dateModified\":\"2022-06-08T04:55:54+00:00\",\"breadcrumb\":{\"@id\":\"https:\/\/www.u-lift.se\/de\/garantieansprueche\/#breadcrumb\"},\"inLanguage\":\"de\",\"potentialAction\":[{\"@type\":\"ReadAction\",\"target\":[\"https:\/\/www.u-lift.se\/de\/garantieansprueche\/\"]}]},{\"@type\":\"BreadcrumbList\",\"@id\":\"https:\/\/www.u-lift.se\/de\/garantieansprueche\/#breadcrumb\",\"itemListElement\":[{\"@type\":\"ListItem\",\"position\":1,\"name\":\"Home\",\"item\":\"https:\/\/www.u-lift.se\/de\/\"},{\"@type\":\"ListItem\",\"position\":2,\"name\":\"Garantieanspr\u00fcche\"}]}]}<\/script>\n<!-- \/ Yoast SEO plugin. -->","yoast_head_json":{"title":"Garantieanspr\u00fcche - U-Lift","robots":{"index":"index","follow":"follow","max-snippet":"max-snippet:-1","max-image-preview":"max-image-preview:large","max-video-preview":"max-video-preview:-1"},"canonical":"https:\/\/www.u-lift.se\/de\/garantieansprueche\/","og_locale":"de_DE","og_type":"article","og_title":"Garantieanspr\u00fcche - U-Lift","og_description":"Wir sind stets bestrebt, unsere Produkte auf einem hohen Qualit\u00e4tsniveau zu halten und garantieren Ihnen als Verbraucher eine unbeschwerte Erfahrung mit unseren Produkten. Dies erreichen wir, indem wir bei der Entwicklung und Beschaffung von Komponenten und technischen L\u00f6sungen, die in unsere Produkte einflie\u00dfen werden, hohe Anforderungen an uns und unsere Partner stellen. Daher k\u00f6nnen wir [&hellip;]","og_url":"https:\/\/www.u-lift.se\/de\/garantieansprueche\/","og_site_name":"U-Lift","article_modified_time":"2022-06-08T04:55:54+00:00","twitter_card":"summary_large_image","twitter_misc":{"Gesch\u00e4tzte Lesezeit":"2\u00a0Minuten"},"schema":{"@context":"https:\/\/schema.org","@graph":[{"@type":"Organization","@id":"https:\/\/www.u-lift.se\/#organization","name":"U-Lift","url":"https:\/\/www.u-lift.se\/","sameAs":[],"logo":{"@type":"ImageObject","@id":"https:\/\/www.u-lift.se\/#logo","inLanguage":"de","url":"https:\/\/u-lift.se.hemsida.eu\/wp-content\/uploads\/2019\/02\/u-lift-logo.png","contentUrl":"https:\/\/u-lift.se.hemsida.eu\/wp-content\/uploads\/2019\/02\/u-lift-logo.png","width":500,"height":124,"caption":"U-Lift"},"image":{"@id":"https:\/\/www.u-lift.se\/#logo"}},{"@type":"WebSite","@id":"https:\/\/www.u-lift.se\/#website","url":"https:\/\/www.u-lift.se\/","name":"U-Lift","description":"Sichere Lifte & Rampen f\u00fcr Nutzfahrzeuge","publisher":{"@id":"https:\/\/www.u-lift.se\/#organization"},"potentialAction":[{"@type":"SearchAction","target":{"@type":"EntryPoint","urlTemplate":"https:\/\/www.u-lift.se\/?s={search_term_string}"},"query-input":"required name=search_term_string"}],"inLanguage":"de"},{"@type":"WebPage","@id":"https:\/\/www.u-lift.se\/de\/garantieansprueche\/#webpage","url":"https:\/\/www.u-lift.se\/de\/garantieansprueche\/","name":"Garantieanspr\u00fcche - U-Lift","isPartOf":{"@id":"https:\/\/www.u-lift.se\/#website"},"datePublished":"2020-02-17T19:14:02+00:00","dateModified":"2022-06-08T04:55:54+00:00","breadcrumb":{"@id":"https:\/\/www.u-lift.se\/de\/garantieansprueche\/#breadcrumb"},"inLanguage":"de","potentialAction":[{"@type":"ReadAction","target":["https:\/\/www.u-lift.se\/de\/garantieansprueche\/"]}]},{"@type":"BreadcrumbList","@id":"https:\/\/www.u-lift.se\/de\/garantieansprueche\/#breadcrumb","itemListElement":[{"@type":"ListItem","position":1,"name":"Home","item":"https:\/\/www.u-lift.se\/de\/"},{"@type":"ListItem","position":2,"name":"Garantieanspr\u00fcche"}]}]}},"_links":{"self":[{"href":"https:\/\/www.u-lift.se\/de\/wp-json\/wp\/v2\/pages\/4020"}],"collection":[{"href":"https:\/\/www.u-lift.se\/de\/wp-json\/wp\/v2\/pages"}],"about":[{"href":"https:\/\/www.u-lift.se\/de\/wp-json\/wp\/v2\/types\/page"}],"author":[{"embeddable":true,"href":"https:\/\/www.u-lift.se\/de\/wp-json\/wp\/v2\/users\/5"}],"replies":[{"embeddable":true,"href":"https:\/\/www.u-lift.se\/de\/wp-json\/wp\/v2\/comments?post=4020"}],"version-history":[{"count":2,"href":"https:\/\/www.u-lift.se\/de\/wp-json\/wp\/v2\/pages\/4020\/revisions"}],"predecessor-version":[{"id":4954,"href":"https:\/\/www.u-lift.se\/de\/wp-json\/wp\/v2\/pages\/4020\/revisions\/4954"}],"wp:attachment":[{"href":"https:\/\/www.u-lift.se\/de\/wp-json\/wp\/v2\/media?parent=4020"}],"curies":[{"name":"wp","href":"https:\/\/api.w.org\/{rel}","templated":true}]}}