{"id":4024,"date":"2019-03-22T17:23:03","date_gmt":"2019-03-22T16:23:03","guid":{"rendered":"https:\/\/u-lift.se.hemsida.eu\/ersatzteile\/"},"modified":"2022-10-19T06:48:25","modified_gmt":"2022-10-19T04:48:25","slug":"ersatzteile","status":"publish","type":"page","link":"https:\/\/www.u-lift.se\/de\/ersatzteile\/","title":{"rendered":"Ersatzteile"},"content":{"rendered":"<p>[et_pb_section fb_built=&#8220;1&#8243; _builder_version=&#8220;4.15&#8243; background_color=&#8220;#f3f3f3&#8243; custom_padding=&#8220;0|0px|0|0px|false|false&#8220; global_colors_info=&#8220;{}&#8220;][et_pb_row _builder_version=&#8220;4.15&#8243; global_colors_info=&#8220;{}&#8220;][et_pb_column type=&#8220;4_4&#8243; _builder_version=&#8220;4.15&#8243; custom_padding=&#8220;|||&#8220; global_colors_info=&#8220;{}&#8220; custom_padding__hover=&#8220;|||&#8220;][et_pb_code _builder_version=&#8220;4.15&#8243; global_colors_info=&#8220;{}&#8220;]<span><span><a href=\"https:\/\/www.u-lift.se\/de\/\">Home<\/a><\/span>[\/et_pb_code][\/et_pb_column][\/et_pb_row][\/et_pb_section][et_pb_section fb_built=&#8220;1&#8243; _builder_version=&#8220;4.15&#8243; custom_padding=&#8220;||||false|false&#8220; global_colors_info=&#8220;{}&#8220;][et_pb_row _builder_version=&#8220;4.15&#8243; global_colors_info=&#8220;{}&#8220;][et_pb_column type=&#8220;4_4&#8243; _builder_version=&#8220;4.15&#8243; custom_padding=&#8220;|||&#8220; global_colors_info=&#8220;{}&#8220; custom_padding__hover=&#8220;|||&#8220;][et_pb_post_title meta=&#8220;off&#8220; featured_image=&#8220;off&#8220; _builder_version=&#8220;4.15&#8243; global_colors_info=&#8220;{}&#8220;][\/et_pb_post_title][et_pb_text _builder_version=&#8220;4.15&#8243; global_colors_info=&#8220;{}&#8220;]Unsere Verantwortung endet nicht, nachdem Sie als Kunde eines unserer Produkte gekauft haben. U-Lift ist es wichtig, dass Ihr Produkt schnell f\u00fcr Sie verf\u00fcgbar ist. Wir m\u00f6chten au\u00dferdem Ihren Alltag so einfach und reibungslos wie m\u00f6glich gestalten. Falls Sie ein Ersatzteil oder ein Zubeh\u00f6rteil ben\u00f6tigen, sind die g\u00e4ngigsten Teile bei unseren Servicepartnern oder in unserem Zentrallager f\u00fcr eine schnelle Lieferung an Sie erh\u00e4ltlich. Unser gut ausgestattetes Zentrallager und unsere sachkundigen Mitarbeiter sorgen f\u00fcr eine unkomplizierte Abwicklung.[\/et_pb_text][\/et_pb_column][\/et_pb_row][et_pb_row _builder_version=&#8220;4.15&#8243; global_colors_info=&#8220;{}&#8220;][et_pb_column type=&#8220;4_4&#8243; _builder_version=&#8220;4.15&#8243; custom_padding=&#8220;|||&#8220; global_colors_info=&#8220;{}&#8220; custom_padding__hover=&#8220;|||&#8220;][et_pb_text _builder_version=&#8220;4.15&#8243; global_colors_info=&#8220;{}&#8220;]<\/p>\n<h3>\u00d6ffnungszeiten Ersatzteile<\/h3>\n<p>Mo\u2013Do: 08.00\u201315.30<br \/>\nFr: 08.00-13.00<br \/>\nMittagsschlie\u00dfung 12.00-12.30<\/p>\n<p>Bestellungen, die vor 12.00 Uhr mittags eintreffen, k\u00f6nnen in der Regel noch am selben Tag ausgeliefert werden.[\/et_pb_text][et_pb_button button_url=&#8220;mailto:order@U-lift.se&#8220; button_text=&#8220;Bestellen Sie Ihre Ersatzteile hier&#8220; _builder_version=&#8220;4.3.4&#8243; global_colors_info=&#8220;{}&#8220;][\/et_pb_button][\/et_pb_column][\/et_pb_row][et_pb_row _builder_version=&#8220;4.15&#8243; global_colors_info=&#8220;{}&#8220;][et_pb_column type=&#8220;4_4&#8243; _builder_version=&#8220;4.15&#8243; custom_padding=&#8220;|||&#8220; global_colors_info=&#8220;{}&#8220; custom_padding__hover=&#8220;|||&#8220;][et_pb_text _builder_version=&#8220;4.15&#8243; global_colors_info=&#8220;{}&#8220;]<\/p>\n<h3>Ersatzteilkataloge<\/h3>\n<p>[\/et_pb_text][\/et_pb_column][\/et_pb_row][et_pb_row _builder_version=&#8220;4.15&#8243; global_colors_info=&#8220;{}&#8220;][et_pb_column type=&#8220;4_4&#8243; _builder_version=&#8220;4.15&#8243; global_colors_info=&#8220;{}&#8220;][et_pb_text _builder_version=&#8220;4.15&#8243; global_colors_info=&#8220;{}&#8220;]<\/p>\n<h4>Produkte f\u00fcr Autos<\/h4>\n<p>[\/et_pb_text][\/et_pb_column][\/et_pb_row][et_pb_row column_structure=&#8220;1_3,1_3,1_3&#8243; _builder_version=&#8220;4.15&#8243; global_colors_info=&#8220;{}&#8220;][et_pb_column type=&#8220;1_3&#8243; _builder_version=&#8220;4.15&#8243; global_colors_info=&#8220;{}&#8220;][et_pb_text _builder_version=&#8220;4.15&#8243; header_4_font=&#8220;|600|||||||&#8220; global_colors_info=&#8220;{}&#8220;]<\/p>\n<h5>Rollstuhllift VTBA<\/h5>\n<p>[\/et_pb_text][et_pb_blurb title=&#8220;Mechanik &#038; Hydraulik&#8220; image=&#8220;https:\/\/www.u-lift.se\/wp-content\/uploads\/2020\/06\/pdf.png&#8220; icon_placement=&#8220;left&#8220; _builder_version=&#8220;4.15.1&#8243; header_level=&#8220;h6&#8243; custom_margin=&#8220;|||30px|false|false&#8220; link_option_url=&#8220;\/wp-content\/uploads\/2022\/10\/RES_UL01172.pdf&#8220; link_option_url_new_window=&#8220;on&#8220; hover_enabled=&#8220;0&#8243; global_colors_info=&#8220;{}&#8220; sticky_enabled=&#8220;0&#8243;][\/et_pb_blurb][et_pb_blurb title=&#8220;Plattform&#8220; image=&#8220;https:\/\/www.u-lift.se\/wp-content\/uploads\/2020\/06\/pdf.png&#8220; icon_placement=&#8220;left&#8220; _builder_version=&#8220;4.15.1&#8243; header_level=&#8220;h6&#8243; custom_margin=&#8220;|||30px|false|false&#8220; link_option_url=&#8220;\/wp-content\/uploads\/2022\/06\/220510_Spareparts-Platform.pdf-DE.pdf&#8220; link_option_url_new_window=&#8220;on&#8220; global_colors_info=&#8220;{}&#8220;][\/et_pb_blurb][et_pb_blurb title=&#8220;Schaltplan&#8220; image=&#8220;https:\/\/www.u-lift.se\/wp-content\/uploads\/2020\/06\/pdf.png&#8220; icon_placement=&#8220;left&#8220; _builder_version=&#8220;4.15.1&#8243; header_level=&#8220;h6&#8243; custom_margin=&#8220;|||30px|false|false&#8220; link_option_url=&#8220;\/wp-content\/uploads\/2022\/05\/Elektriskt_schema_VTBA-500-P.pdf&#8220; link_option_url_new_window=&#8220;on&#8220; global_colors_info=&#8220;{}&#8220;][\/et_pb_blurb][\/et_pb_column][et_pb_column type=&#8220;1_3&#8243; _builder_version=&#8220;4.15&#8243; global_colors_info=&#8220;{}&#8220;][et_pb_text _builder_version=&#8220;4.15&#8243; global_colors_info=&#8220;{}&#8220;]<\/p>\n<h5>Lastenlift VTB<\/h5>\n<p>[\/et_pb_text][\/et_pb_column][et_pb_column type=&#8220;1_3&#8243; _builder_version=&#8220;4.15&#8243; global_colors_info=&#8220;{}&#8220;][et_pb_text _builder_version=&#8220;4.15&#8243; global_colors_info=&#8220;{}&#8220;]<\/p>\n<h5>Luftfederung<\/h5>\n<p>[\/et_pb_text][et_pb_blurb title=&#8220;Renault Master&#8220; image=&#8220;https:\/\/www.u-lift.se\/wp-content\/uploads\/2020\/06\/pdf.png&#8220; icon_placement=&#8220;left&#8220; _builder_version=&#8220;4.15.1&#8243; header_level=&#8220;h6&#8243; custom_margin=&#8220;|||30px|false|false&#8220; link_option_url=&#8220;\/wp-content\/uploads\/2022\/06\/220510_Spareparts-Renault-Master-G3-2020-A-DE.pdf&#8220; link_option_url_new_window=&#8220;on&#8220; global_colors_info=&#8220;{}&#8220;][\/et_pb_blurb][\/et_pb_column][\/et_pb_row][et_pb_row disabled_on=&#8220;on|on|on&#8220; _builder_version=&#8220;4.15&#8243; disabled=&#8220;on&#8220; global_colors_info=&#8220;{}&#8220;][et_pb_column type=&#8220;4_4&#8243; _builder_version=&#8220;4.15&#8243; global_colors_info=&#8220;{}&#8220;][et_pb_text _builder_version=&#8220;4.15&#8243; global_colors_info=&#8220;{}&#8220;]<\/p>\n<h4>Produkte f\u00fcr Z\u00fcge<\/h4>\n<p>[\/et_pb_text][\/et_pb_column][\/et_pb_row][et_pb_row column_structure=&#8220;1_3,1_3,1_3&#8243; disabled_on=&#8220;on|on|on&#8220; _builder_version=&#8220;4.15&#8243; disabled=&#8220;on&#8220; global_colors_info=&#8220;{}&#8220;][et_pb_column type=&#8220;1_3&#8243; _builder_version=&#8220;4.15&#8243; global_colors_info=&#8220;{}&#8220;][et_pb_text _builder_version=&#8220;4.15&#8243; header_4_font=&#8220;|600|||||||&#8220; global_colors_info=&#8220;{}&#8220;]<\/p>\n<h5>Rollstuhllift INV<\/h5>\n<p>[\/et_pb_text][et_pb_blurb title=&#8220;Mechanik &#038; Hydraulik&#8220; image=&#8220;https:\/\/www.u-lift.se\/wp-content\/uploads\/2020\/06\/pdf.png&#8220; icon_placement=&#8220;left&#8220; _builder_version=&#8220;4.15&#8243; header_level=&#8220;h6&#8243; custom_margin=&#8220;|||30px|false|false&#8220; global_colors_info=&#8220;{}&#8220;][\/et_pb_blurb][et_pb_blurb title=&#8220;Plattform&#8220; image=&#8220;https:\/\/www.u-lift.se\/wp-content\/uploads\/2020\/06\/pdf.png&#8220; icon_placement=&#8220;left&#8220; _builder_version=&#8220;4.15&#8243; header_level=&#8220;h6&#8243; custom_margin=&#8220;|||30px|false|false&#8220; global_colors_info=&#8220;{}&#8220;][\/et_pb_blurb][\/et_pb_column][et_pb_column type=&#8220;1_3&#8243; _builder_version=&#8220;4.15&#8243; global_colors_info=&#8220;{}&#8220;][et_pb_text _builder_version=&#8220;4.15&#8243; global_colors_info=&#8220;{}&#8220;]<\/p>\n<h5>Rollstuhllift UPL<\/h5>\n<p>[\/et_pb_text][\/et_pb_column][et_pb_column type=&#8220;1_3&#8243; _builder_version=&#8220;4.15&#8243; global_colors_info=&#8220;{}&#8220;][\/et_pb_column][\/et_pb_row][\/et_pb_section][et_pb_section fb_built=&#8220;1&#8243; _builder_version=&#8220;4.15&#8243; background_color=&#8220;#f3f3f3&#8243; saved_tabs=&#8220;all&#8220; locked=&#8220;off&#8220; global_colors_info=&#8220;{}&#8220;][et_pb_row column_structure=&#8220;3_4,1_4&#8243; make_equal=&#8220;on&#8220; _builder_version=&#8220;4.15&#8243; global_colors_info=&#8220;{}&#8220;][et_pb_column type=&#8220;3_4&#8243; module_class=&#8220;centrerad-till-vanster&#8220; _builder_version=&#8220;4.15&#8243; background_color=&#8220;#ffffff&#8220; custom_padding=&#8220;|||&#8220; global_colors_info=&#8220;{}&#8220; custom_padding__hover=&#8220;|||&#8220;][et_pb_text _builder_version=&#8220;4.15&#8243; global_colors_info=&#8220;{}&#8220;]<strong>Wir helfen Ihnen, schnell wieder in den Verkehr zu kommen durch<\/strong><\/p>\n<ul>\n<li>pers\u00f6nliche, sachkundige und schnelle Bearbeitung<\/li>\n<li>schnelle Lieferungen<\/li>\n<li>hochwertige Originalprodukte<\/li>\n<\/ul>\n<p>[\/et_pb_text][et_pb_button button_url=&#8220;tel:+46457450613&#8243; button_text=&#8220;Wenden Sie sich gerne telefonisch an Krister&#8220; _builder_version=&#8220;3.26.6&#8243; background_layout=&#8220;dark&#8220; global_colors_info=&#8220;{}&#8220;][\/et_pb_button][\/et_pb_column][et_pb_column type=&#8220;1_4&#8243; _builder_version=&#8220;4.15&#8243; custom_padding=&#8220;|||&#8220; global_colors_info=&#8220;{}&#8220; custom_padding__hover=&#8220;|||&#8220;][et_pb_team_member name=&#8220;Krister S\u00f6derlund&#8220; image_url=&#8220;https:\/\/www.u-lift.se\/wp-content\/uploads\/2022\/02\/kristersoderlund.jpg&#8220; _builder_version=&#8220;4.15.1&#8243; global_colors_info=&#8220;{}&#8220;]<\/p>\n<p>+46 (0)457-450 613<\/p>\n<p>+46 (0)457-450 650 Vx.<\/p>\n<p><a href=\"mailto:krister.soderlund@u-lift.se\">krister.soderlund@u-lift.se<\/a><\/p>\n<p>[\/et_pb_team_member][\/et_pb_column][\/et_pb_row][\/et_pb_section]<\/p>\n","protected":false},"excerpt":{"rendered":"<p><span><span><a href=\"https:\/\/www.u-lift.se\/de\/\">Home<\/a><\/span>Unsere Verantwortung endet nicht, nachdem Sie als Kunde eines unserer Produkte gekauft haben. U-Lift ist es wichtig, dass Ihr Produkt schnell f\u00fcr Sie verf\u00fcgbar ist. Wir m\u00f6chten au\u00dferdem Ihren Alltag so einfach und reibungslos wie m\u00f6glich gestalten. Falls Sie ein Ersatzteil oder ein Zubeh\u00f6rteil ben\u00f6tigen, sind die g\u00e4ngigsten Teile bei unseren Servicepartnern oder in unserem [&hellip;]<\/p>\n","protected":false},"author":5,"featured_media":0,"parent":0,"menu_order":0,"comment_status":"closed","ping_status":"closed","template":"","meta":{"_et_pb_use_builder":"on","_et_pb_old_content":"<!-- wp:divi\/placeholder \/-->","_et_gb_content_width":""},"yoast_head":"<!-- This site is optimized with the Yoast SEO plugin v18.4.1 - https:\/\/yoast.com\/wordpress\/plugins\/seo\/ -->\n<title>Ersatzteile - U-Lift<\/title>\n<meta name=\"robots\" content=\"index, follow, max-snippet:-1, max-image-preview:large, max-video-preview:-1\" \/>\n<link rel=\"canonical\" href=\"https:\/\/www.u-lift.se\/de\/ersatzteile\/\" \/>\n<meta property=\"og:locale\" content=\"de_DE\" \/>\n<meta property=\"og:type\" content=\"article\" \/>\n<meta property=\"og:title\" content=\"Ersatzteile - U-Lift\" \/>\n<meta property=\"og:description\" content=\"Unsere Verantwortung endet nicht, nachdem Sie als Kunde eines unserer Produkte gekauft haben. U-Lift ist es wichtig, dass Ihr Produkt schnell f\u00fcr Sie verf\u00fcgbar ist. Wir m\u00f6chten au\u00dferdem Ihren Alltag so einfach und reibungslos wie m\u00f6glich gestalten. Falls Sie ein Ersatzteil oder ein Zubeh\u00f6rteil ben\u00f6tigen, sind die g\u00e4ngigsten Teile bei unseren Servicepartnern oder in unserem [&hellip;]\" \/>\n<meta property=\"og:url\" content=\"https:\/\/www.u-lift.se\/de\/ersatzteile\/\" \/>\n<meta property=\"og:site_name\" content=\"U-Lift\" \/>\n<meta property=\"article:modified_time\" content=\"2022-10-19T04:48:25+00:00\" \/>\n<meta name=\"twitter:card\" content=\"summary_large_image\" \/>\n<meta name=\"twitter:label1\" content=\"Gesch\u00e4tzte Lesezeit\" \/>\n\t<meta name=\"twitter:data1\" content=\"5\u00a0Minuten\" \/>\n<script type=\"application\/ld+json\" class=\"yoast-schema-graph\">{\"@context\":\"https:\/\/schema.org\",\"@graph\":[{\"@type\":\"Organization\",\"@id\":\"https:\/\/www.u-lift.se\/#organization\",\"name\":\"U-Lift\",\"url\":\"https:\/\/www.u-lift.se\/\",\"sameAs\":[],\"logo\":{\"@type\":\"ImageObject\",\"@id\":\"https:\/\/www.u-lift.se\/#logo\",\"inLanguage\":\"de\",\"url\":\"https:\/\/u-lift.se.hemsida.eu\/wp-content\/uploads\/2019\/02\/u-lift-logo.png\",\"contentUrl\":\"https:\/\/u-lift.se.hemsida.eu\/wp-content\/uploads\/2019\/02\/u-lift-logo.png\",\"width\":500,\"height\":124,\"caption\":\"U-Lift\"},\"image\":{\"@id\":\"https:\/\/www.u-lift.se\/#logo\"}},{\"@type\":\"WebSite\",\"@id\":\"https:\/\/www.u-lift.se\/#website\",\"url\":\"https:\/\/www.u-lift.se\/\",\"name\":\"U-Lift\",\"description\":\"Sichere Lifte & Rampen f\u00fcr Nutzfahrzeuge\",\"publisher\":{\"@id\":\"https:\/\/www.u-lift.se\/#organization\"},\"potentialAction\":[{\"@type\":\"SearchAction\",\"target\":{\"@type\":\"EntryPoint\",\"urlTemplate\":\"https:\/\/www.u-lift.se\/?s={search_term_string}\"},\"query-input\":\"required name=search_term_string\"}],\"inLanguage\":\"de\"},{\"@type\":\"WebPage\",\"@id\":\"https:\/\/www.u-lift.se\/de\/ersatzteile\/#webpage\",\"url\":\"https:\/\/www.u-lift.se\/de\/ersatzteile\/\",\"name\":\"Ersatzteile - U-Lift\",\"isPartOf\":{\"@id\":\"https:\/\/www.u-lift.se\/#website\"},\"datePublished\":\"2019-03-22T16:23:03+00:00\",\"dateModified\":\"2022-10-19T04:48:25+00:00\",\"breadcrumb\":{\"@id\":\"https:\/\/www.u-lift.se\/de\/ersatzteile\/#breadcrumb\"},\"inLanguage\":\"de\",\"potentialAction\":[{\"@type\":\"ReadAction\",\"target\":[\"https:\/\/www.u-lift.se\/de\/ersatzteile\/\"]}]},{\"@type\":\"BreadcrumbList\",\"@id\":\"https:\/\/www.u-lift.se\/de\/ersatzteile\/#breadcrumb\",\"itemListElement\":[{\"@type\":\"ListItem\",\"position\":1,\"name\":\"Home\",\"item\":\"https:\/\/www.u-lift.se\/de\/\"},{\"@type\":\"ListItem\",\"position\":2,\"name\":\"Ersatzteile\"}]}]}<\/script>\n<!-- \/ Yoast SEO plugin. -->","yoast_head_json":{"title":"Ersatzteile - U-Lift","robots":{"index":"index","follow":"follow","max-snippet":"max-snippet:-1","max-image-preview":"max-image-preview:large","max-video-preview":"max-video-preview:-1"},"canonical":"https:\/\/www.u-lift.se\/de\/ersatzteile\/","og_locale":"de_DE","og_type":"article","og_title":"Ersatzteile - U-Lift","og_description":"Unsere Verantwortung endet nicht, nachdem Sie als Kunde eines unserer Produkte gekauft haben. U-Lift ist es wichtig, dass Ihr Produkt schnell f\u00fcr Sie verf\u00fcgbar ist. Wir m\u00f6chten au\u00dferdem Ihren Alltag so einfach und reibungslos wie m\u00f6glich gestalten. Falls Sie ein Ersatzteil oder ein Zubeh\u00f6rteil ben\u00f6tigen, sind die g\u00e4ngigsten Teile bei unseren Servicepartnern oder in unserem [&hellip;]","og_url":"https:\/\/www.u-lift.se\/de\/ersatzteile\/","og_site_name":"U-Lift","article_modified_time":"2022-10-19T04:48:25+00:00","twitter_card":"summary_large_image","twitter_misc":{"Gesch\u00e4tzte Lesezeit":"5\u00a0Minuten"},"schema":{"@context":"https:\/\/schema.org","@graph":[{"@type":"Organization","@id":"https:\/\/www.u-lift.se\/#organization","name":"U-Lift","url":"https:\/\/www.u-lift.se\/","sameAs":[],"logo":{"@type":"ImageObject","@id":"https:\/\/www.u-lift.se\/#logo","inLanguage":"de","url":"https:\/\/u-lift.se.hemsida.eu\/wp-content\/uploads\/2019\/02\/u-lift-logo.png","contentUrl":"https:\/\/u-lift.se.hemsida.eu\/wp-content\/uploads\/2019\/02\/u-lift-logo.png","width":500,"height":124,"caption":"U-Lift"},"image":{"@id":"https:\/\/www.u-lift.se\/#logo"}},{"@type":"WebSite","@id":"https:\/\/www.u-lift.se\/#website","url":"https:\/\/www.u-lift.se\/","name":"U-Lift","description":"Sichere Lifte & Rampen f\u00fcr Nutzfahrzeuge","publisher":{"@id":"https:\/\/www.u-lift.se\/#organization"},"potentialAction":[{"@type":"SearchAction","target":{"@type":"EntryPoint","urlTemplate":"https:\/\/www.u-lift.se\/?s={search_term_string}"},"query-input":"required name=search_term_string"}],"inLanguage":"de"},{"@type":"WebPage","@id":"https:\/\/www.u-lift.se\/de\/ersatzteile\/#webpage","url":"https:\/\/www.u-lift.se\/de\/ersatzteile\/","name":"Ersatzteile - U-Lift","isPartOf":{"@id":"https:\/\/www.u-lift.se\/#website"},"datePublished":"2019-03-22T16:23:03+00:00","dateModified":"2022-10-19T04:48:25+00:00","breadcrumb":{"@id":"https:\/\/www.u-lift.se\/de\/ersatzteile\/#breadcrumb"},"inLanguage":"de","potentialAction":[{"@type":"ReadAction","target":["https:\/\/www.u-lift.se\/de\/ersatzteile\/"]}]},{"@type":"BreadcrumbList","@id":"https:\/\/www.u-lift.se\/de\/ersatzteile\/#breadcrumb","itemListElement":[{"@type":"ListItem","position":1,"name":"Home","item":"https:\/\/www.u-lift.se\/de\/"},{"@type":"ListItem","position":2,"name":"Ersatzteile"}]}]}},"_links":{"self":[{"href":"https:\/\/www.u-lift.se\/de\/wp-json\/wp\/v2\/pages\/4024"}],"collection":[{"href":"https:\/\/www.u-lift.se\/de\/wp-json\/wp\/v2\/pages"}],"about":[{"href":"https:\/\/www.u-lift.se\/de\/wp-json\/wp\/v2\/types\/page"}],"author":[{"embeddable":true,"href":"https:\/\/www.u-lift.se\/de\/wp-json\/wp\/v2\/users\/5"}],"replies":[{"embeddable":true,"href":"https:\/\/www.u-lift.se\/de\/wp-json\/wp\/v2\/comments?post=4024"}],"version-history":[{"count":4,"href":"https:\/\/www.u-lift.se\/de\/wp-json\/wp\/v2\/pages\/4024\/revisions"}],"predecessor-version":[{"id":4993,"href":"https:\/\/www.u-lift.se\/de\/wp-json\/wp\/v2\/pages\/4024\/revisions\/4993"}],"wp:attachment":[{"href":"https:\/\/www.u-lift.se\/de\/wp-json\/wp\/v2\/media?parent=4024"}],"curies":[{"name":"wp","href":"https:\/\/api.w.org\/{rel}","templated":true}]}}