{"id":4076,"date":"2020-02-17T20:37:46","date_gmt":"2020-02-17T19:37:46","guid":{"rendered":"https:\/\/u-lift.se.hemsida.eu\/unsere-zertifikate\/"},"modified":"2026-03-06T08:30:50","modified_gmt":"2026-03-06T07:30:50","slug":"unsere-zertifikate","status":"publish","type":"page","link":"https:\/\/www.u-lift.se\/de\/unsere-zertifikate\/","title":{"rendered":"Unsere Zertifikate"},"content":{"rendered":"<p>[et_pb_section fb_built=&#8220;1&#8243; _builder_version=&#8220;4.15&#8243; background_color=&#8220;#f3f3f3&#8243; custom_padding=&#8220;0|0px|0|0px|false|false&#8220; global_colors_info=&#8220;{}&#8220;][et_pb_row _builder_version=&#8220;4.15&#8243; global_colors_info=&#8220;{}&#8220;][et_pb_column type=&#8220;4_4&#8243; _builder_version=&#8220;4.15&#8243; custom_padding=&#8220;|||&#8220; global_colors_info=&#8220;{}&#8220; custom_padding__hover=&#8220;|||&#8220;][et_pb_code _builder_version=&#8220;4.15&#8243; global_colors_info=&#8220;{}&#8220;]<span><span><a href=\"https:\/\/www.u-lift.se\/de\/\">Home<\/a><\/span>[\/et_pb_code][\/et_pb_column][\/et_pb_row][\/et_pb_section][et_pb_section fb_built=&#8220;1&#8243; _builder_version=&#8220;4.15&#8243; min_height=&#8220;657px&#8220; global_colors_info=&#8220;{}&#8220;][et_pb_row _builder_version=&#8220;4.15&#8243; global_colors_info=&#8220;{}&#8220;][et_pb_column type=&#8220;4_4&#8243; _builder_version=&#8220;4.15&#8243; custom_padding=&#8220;|||&#8220; global_colors_info=&#8220;{}&#8220; custom_padding__hover=&#8220;|||&#8220;][et_pb_post_title meta=&#8220;off&#8220; featured_image=&#8220;off&#8220; _builder_version=&#8220;4.15&#8243; global_colors_info=&#8220;{}&#8220;][\/et_pb_post_title][\/et_pb_column][\/et_pb_row][et_pb_row column_structure=&#8220;1_2,1_2&#8243; use_custom_gutter=&#8220;on&#8220; gutter_width=&#8220;1&#8243; make_equal=&#8220;on&#8220; _builder_version=&#8220;4.15&#8243; background_color=&#8220;#f0f2f4&#8243; custom_padding=&#8220;0|0px|0|0px|false|false&#8220; use_custom_width=&#8220;on&#8220; width_unit=&#8220;off&#8220; custom_width_percent=&#8220;100%&#8220; locked=&#8220;off&#8220; global_colors_info=&#8220;{}&#8220;][et_pb_column type=&#8220;1_2&#8243; _builder_version=&#8220;4.15&#8243; custom_padding=&#8220;|||&#8220; global_colors_info=&#8220;{}&#8220; custom_padding__hover=&#8220;|||&#8220;][et_pb_image src=&#8220;https:\/\/www.u-lift.se\/wp-content\/uploads\/2020\/02\/cert-stampel.jpg&#8220; force_fullwidth=&#8220;on&#8220; align_tablet=&#8220;center&#8220; align_phone=&#8220;&#8220; align_last_edited=&#8220;on|desktop&#8220; _builder_version=&#8220;4.15&#8243; global_colors_info=&#8220;{}&#8220;][\/et_pb_image][\/et_pb_column][et_pb_column type=&#8220;1_2&#8243; module_class=&#8220;centrerad&#8220; _builder_version=&#8220;4.15&#8243; custom_padding=&#8220;|||&#8220; global_colors_info=&#8220;{}&#8220; custom_padding__hover=&#8220;|||&#8220;][et_pb_text _builder_version=&#8220;4.15&#8243; header_font=&#8220;||||||||&#8220; header_3_font=&#8220;|700||on|||||&#8220; header_3_text_color=&#8220;#1B2E4B&#8220; header_6_font=&#8220;|600||on|||||&#8220; global_colors_info=&#8220;{}&#8220;]Wir sind nach den Normen und Richtlinien dieser Branche zertifiziert. Dar\u00fcber hinaus entsprechen unser Produkte branchenspezifischen Standards, die entwickelt wurden, um das t\u00e4gliche Leben von Menschen mit eingeschr\u00e4nkter Mobilit\u00e4t zu erleichtern.[\/et_pb_text][\/et_pb_column][\/et_pb_row][et_pb_row _builder_version=&#8220;4.15&#8243; min_height=&#8220;121px&#8220; global_colors_info=&#8220;{}&#8220;][et_pb_column type=&#8220;4_4&#8243; _builder_version=&#8220;4.15&#8243; global_colors_info=&#8220;{}&#8220;][et_pb_text module_class=&#8220;lista-samma-rad&#8220; _builder_version=&#8220;4.15.1&#8243; link_option_url_new_window=&#8220;on&#8220; hover_enabled=&#8220;0&#8243; global_colors_info=&#8220;{}&#8220; sticky_enabled=&#8220;0&#8243;]<\/p>\n<p>&nbsp;<\/p>\n<ul>\n<li><a href=\"\/wp-content\/uploads\/2022\/12\/2507-U-Lift-AB-ty.pdf\" target=\"_blank\" rel=\"noopener noreferrer\">ISO\u00a09001\/14001:2015\u00a0<\/a><\/li>\n<li><a href=\"\/wp-content\/uploads\/2026\/03\/TVNORD-15085-CL1-129-10-6_en_HofD.pdf\" target=\"_blank\" rel=\"noopener noreferrer\">EN 15085<\/a><\/li>\n<li><a href=\"\/wp-content\/uploads\/2022\/12\/cert_digSig_ISO3834_ENG_U_Lift_2022_Z_HofD.pdf\" target=\"_blank\" rel=\"noopener noreferrer\">DIN EN ISO 3834<\/a><\/li>\n<li><a href=\"\/wp-content\/uploads\/2026\/03\/250051_NoBo_QMS_RST_U-Lift-V01.pdf\" target=\"_blank\" rel=\"noopener\">1300\/2014\/CD (TSI PRM)<\/a><\/li>\n<li><a href=\"\/wp-content\/uploads\/2026\/03\/INV300-230025-NoBo-CB-RST-U-Lift-V01.pdf\" target=\"_blank\" rel=\"noopener noreferrer\">2014\/1300\/CB\/INV (TSI PRM)<\/a><\/li>\n<\/ul>\n<p>[\/et_pb_text][\/et_pb_column][\/et_pb_row][\/et_pb_section]<\/p>\n","protected":false},"excerpt":{"rendered":"<p><span><span><a href=\"https:\/\/www.u-lift.se\/de\/\">Home<\/a><\/span>Wir sind nach den Normen und Richtlinien dieser Branche zertifiziert. Dar\u00fcber hinaus entsprechen unser Produkte branchenspezifischen Standards, die entwickelt wurden, um das t\u00e4gliche Leben von Menschen mit eingeschr\u00e4nkter Mobilit\u00e4t zu erleichtern.&nbsp; ISO\u00a09001\/14001:2015\u00a0 EN 15085 DIN EN ISO 3834 1300\/2014\/CD (TSI PRM) 2014\/1300\/CB\/INV (TSI PRM)<\/p>\n","protected":false},"author":5,"featured_media":0,"parent":0,"menu_order":0,"comment_status":"closed","ping_status":"closed","template":"","meta":{"_et_pb_use_builder":"on","_et_pb_old_content":"<!-- wp:divi\/placeholder \/-->","_et_gb_content_width":""},"yoast_head":"<!-- This site is optimized with the Yoast SEO plugin v18.4.1 - https:\/\/yoast.com\/wordpress\/plugins\/seo\/ -->\n<title>Unsere Zertifikate - U-Lift<\/title>\n<meta name=\"robots\" content=\"index, follow, max-snippet:-1, max-image-preview:large, max-video-preview:-1\" \/>\n<link rel=\"canonical\" href=\"https:\/\/www.u-lift.se\/de\/unsere-zertifikate\/\" \/>\n<meta property=\"og:locale\" content=\"de_DE\" \/>\n<meta property=\"og:type\" content=\"article\" \/>\n<meta property=\"og:title\" content=\"Unsere Zertifikate - U-Lift\" \/>\n<meta property=\"og:description\" content=\"Wir sind nach den Normen und Richtlinien dieser Branche zertifiziert. Dar\u00fcber hinaus entsprechen unser Produkte branchenspezifischen Standards, die entwickelt wurden, um das t\u00e4gliche Leben von Menschen mit eingeschr\u00e4nkter Mobilit\u00e4t zu erleichtern.&nbsp; ISO\u00a09001\/14001:2015\u00a0 EN 15085 DIN EN ISO 3834 1300\/2014\/CD (TSI PRM) 2014\/1300\/CB\/INV (TSI PRM)\" \/>\n<meta property=\"og:url\" content=\"https:\/\/www.u-lift.se\/de\/unsere-zertifikate\/\" \/>\n<meta property=\"og:site_name\" content=\"U-Lift\" \/>\n<meta property=\"article:modified_time\" content=\"2026-03-06T07:30:50+00:00\" \/>\n<meta name=\"twitter:card\" content=\"summary_large_image\" \/>\n<meta name=\"twitter:label1\" content=\"Gesch\u00e4tzte Lesezeit\" \/>\n\t<meta name=\"twitter:data1\" content=\"2\u00a0Minuten\" \/>\n<script type=\"application\/ld+json\" class=\"yoast-schema-graph\">{\"@context\":\"https:\/\/schema.org\",\"@graph\":[{\"@type\":\"Organization\",\"@id\":\"https:\/\/www.u-lift.se\/#organization\",\"name\":\"U-Lift\",\"url\":\"https:\/\/www.u-lift.se\/\",\"sameAs\":[],\"logo\":{\"@type\":\"ImageObject\",\"@id\":\"https:\/\/www.u-lift.se\/#logo\",\"inLanguage\":\"de\",\"url\":\"https:\/\/u-lift.se.hemsida.eu\/wp-content\/uploads\/2019\/02\/u-lift-logo.png\",\"contentUrl\":\"https:\/\/u-lift.se.hemsida.eu\/wp-content\/uploads\/2019\/02\/u-lift-logo.png\",\"width\":500,\"height\":124,\"caption\":\"U-Lift\"},\"image\":{\"@id\":\"https:\/\/www.u-lift.se\/#logo\"}},{\"@type\":\"WebSite\",\"@id\":\"https:\/\/www.u-lift.se\/#website\",\"url\":\"https:\/\/www.u-lift.se\/\",\"name\":\"U-Lift\",\"description\":\"Sichere Lifte & Rampen f\u00fcr Nutzfahrzeuge\",\"publisher\":{\"@id\":\"https:\/\/www.u-lift.se\/#organization\"},\"potentialAction\":[{\"@type\":\"SearchAction\",\"target\":{\"@type\":\"EntryPoint\",\"urlTemplate\":\"https:\/\/www.u-lift.se\/?s={search_term_string}\"},\"query-input\":\"required name=search_term_string\"}],\"inLanguage\":\"de\"},{\"@type\":\"WebPage\",\"@id\":\"https:\/\/www.u-lift.se\/de\/unsere-zertifikate\/#webpage\",\"url\":\"https:\/\/www.u-lift.se\/de\/unsere-zertifikate\/\",\"name\":\"Unsere Zertifikate - U-Lift\",\"isPartOf\":{\"@id\":\"https:\/\/www.u-lift.se\/#website\"},\"datePublished\":\"2020-02-17T19:37:46+00:00\",\"dateModified\":\"2026-03-06T07:30:50+00:00\",\"breadcrumb\":{\"@id\":\"https:\/\/www.u-lift.se\/de\/unsere-zertifikate\/#breadcrumb\"},\"inLanguage\":\"de\",\"potentialAction\":[{\"@type\":\"ReadAction\",\"target\":[\"https:\/\/www.u-lift.se\/de\/unsere-zertifikate\/\"]}]},{\"@type\":\"BreadcrumbList\",\"@id\":\"https:\/\/www.u-lift.se\/de\/unsere-zertifikate\/#breadcrumb\",\"itemListElement\":[{\"@type\":\"ListItem\",\"position\":1,\"name\":\"Home\",\"item\":\"https:\/\/www.u-lift.se\/de\/\"},{\"@type\":\"ListItem\",\"position\":2,\"name\":\"Unsere Zertifikate\"}]}]}<\/script>\n<!-- \/ Yoast SEO plugin. -->","yoast_head_json":{"title":"Unsere Zertifikate - U-Lift","robots":{"index":"index","follow":"follow","max-snippet":"max-snippet:-1","max-image-preview":"max-image-preview:large","max-video-preview":"max-video-preview:-1"},"canonical":"https:\/\/www.u-lift.se\/de\/unsere-zertifikate\/","og_locale":"de_DE","og_type":"article","og_title":"Unsere Zertifikate - U-Lift","og_description":"Wir sind nach den Normen und Richtlinien dieser Branche zertifiziert. Dar\u00fcber hinaus entsprechen unser Produkte branchenspezifischen Standards, die entwickelt wurden, um das t\u00e4gliche Leben von Menschen mit eingeschr\u00e4nkter Mobilit\u00e4t zu erleichtern.&nbsp; ISO\u00a09001\/14001:2015\u00a0 EN 15085 DIN EN ISO 3834 1300\/2014\/CD (TSI PRM) 2014\/1300\/CB\/INV (TSI PRM)","og_url":"https:\/\/www.u-lift.se\/de\/unsere-zertifikate\/","og_site_name":"U-Lift","article_modified_time":"2026-03-06T07:30:50+00:00","twitter_card":"summary_large_image","twitter_misc":{"Gesch\u00e4tzte Lesezeit":"2\u00a0Minuten"},"schema":{"@context":"https:\/\/schema.org","@graph":[{"@type":"Organization","@id":"https:\/\/www.u-lift.se\/#organization","name":"U-Lift","url":"https:\/\/www.u-lift.se\/","sameAs":[],"logo":{"@type":"ImageObject","@id":"https:\/\/www.u-lift.se\/#logo","inLanguage":"de","url":"https:\/\/u-lift.se.hemsida.eu\/wp-content\/uploads\/2019\/02\/u-lift-logo.png","contentUrl":"https:\/\/u-lift.se.hemsida.eu\/wp-content\/uploads\/2019\/02\/u-lift-logo.png","width":500,"height":124,"caption":"U-Lift"},"image":{"@id":"https:\/\/www.u-lift.se\/#logo"}},{"@type":"WebSite","@id":"https:\/\/www.u-lift.se\/#website","url":"https:\/\/www.u-lift.se\/","name":"U-Lift","description":"Sichere Lifte & Rampen f\u00fcr Nutzfahrzeuge","publisher":{"@id":"https:\/\/www.u-lift.se\/#organization"},"potentialAction":[{"@type":"SearchAction","target":{"@type":"EntryPoint","urlTemplate":"https:\/\/www.u-lift.se\/?s={search_term_string}"},"query-input":"required name=search_term_string"}],"inLanguage":"de"},{"@type":"WebPage","@id":"https:\/\/www.u-lift.se\/de\/unsere-zertifikate\/#webpage","url":"https:\/\/www.u-lift.se\/de\/unsere-zertifikate\/","name":"Unsere Zertifikate - U-Lift","isPartOf":{"@id":"https:\/\/www.u-lift.se\/#website"},"datePublished":"2020-02-17T19:37:46+00:00","dateModified":"2026-03-06T07:30:50+00:00","breadcrumb":{"@id":"https:\/\/www.u-lift.se\/de\/unsere-zertifikate\/#breadcrumb"},"inLanguage":"de","potentialAction":[{"@type":"ReadAction","target":["https:\/\/www.u-lift.se\/de\/unsere-zertifikate\/"]}]},{"@type":"BreadcrumbList","@id":"https:\/\/www.u-lift.se\/de\/unsere-zertifikate\/#breadcrumb","itemListElement":[{"@type":"ListItem","position":1,"name":"Home","item":"https:\/\/www.u-lift.se\/de\/"},{"@type":"ListItem","position":2,"name":"Unsere Zertifikate"}]}]}},"_links":{"self":[{"href":"https:\/\/www.u-lift.se\/de\/wp-json\/wp\/v2\/pages\/4076"}],"collection":[{"href":"https:\/\/www.u-lift.se\/de\/wp-json\/wp\/v2\/pages"}],"about":[{"href":"https:\/\/www.u-lift.se\/de\/wp-json\/wp\/v2\/types\/page"}],"author":[{"embeddable":true,"href":"https:\/\/www.u-lift.se\/de\/wp-json\/wp\/v2\/users\/5"}],"replies":[{"embeddable":true,"href":"https:\/\/www.u-lift.se\/de\/wp-json\/wp\/v2\/comments?post=4076"}],"version-history":[{"count":12,"href":"https:\/\/www.u-lift.se\/de\/wp-json\/wp\/v2\/pages\/4076\/revisions"}],"predecessor-version":[{"id":5654,"href":"https:\/\/www.u-lift.se\/de\/wp-json\/wp\/v2\/pages\/4076\/revisions\/5654"}],"wp:attachment":[{"href":"https:\/\/www.u-lift.se\/de\/wp-json\/wp\/v2\/media?parent=4076"}],"curies":[{"name":"wp","href":"https:\/\/api.w.org\/{rel}","templated":true}]}}